{"id":1602,"date":"2023-03-11T10:08:13","date_gmt":"2023-03-11T09:08:13","guid":{"rendered":"https:\/\/zazeli.babinagreda.hr\/?page_id=1602"},"modified":"2023-03-11T10:08:13","modified_gmt":"2023-03-11T09:08:13","slug":"impressum","status":"publish","type":"page","link":"https:\/\/zazeli.babinagreda.hr\/zazeli3\/impressum\/","title":{"rendered":"Impressum"},"content":{"rendered":"\n<p><strong>Op\u0107ina Babina Greda<\/strong><br><\/p>\n\n\n\n<p><strong>OIB:<\/strong> 87224068173<br><strong>IBAN:<\/strong> HR08 2340 0091 8003 0000 6<br><strong>MB:<\/strong> 01188232<br><strong>Adresa:<\/strong> Kralja Tomislava 2, 32276 Babina Greda<\/p>\n\n\n\n<p><strong>Tel.<\/strong>: +385 (0)32 854 400<\/p>\n\n\n\n<p><strong>Izdava\u010d: <\/strong>Op\u0107ina Babina Greda<br><strong>Za izdava\u010da:<\/strong> Na\u010delnik op\u0107ine Babina Greda Josip Krni\u0107<\/p>\n\n\n\n<p><strong>Email:<\/strong>&nbsp;opcinababinagreda@gmail.com<br><strong>Web:<\/strong>&nbsp;<a href=\"http:\/\/zazeli.babinagreda.hr\/\">zazeli.babinagreda.hr<\/a><\/p>\n\n\n\n<p><strong>Fotografije:<\/strong>\u00a0babinagreda.hr<\/p>\n\n\n\n<p>\u00a9 2023 Op\u0107ina Babina Greda: Sva prava pridr\u017eana.<br>Design &amp; development by SAMSON<\/p>\n","protected":false},"excerpt":{"rendered":"<p>Op\u0107ina Babina Greda OIB: 87224068173IBAN: HR08 2340 0091 8003 0000 6MB: 01188232Adresa: Kralja Tomislava 2, 32276 Babina Greda Tel.: +385 (0)32 854 400 Izdava\u010d: Op\u0107ina Babina GredaZa izdava\u010da: Na\u010delnik op\u0107ine Babina Greda Josip Krni\u0107 Email:&nbsp;opcinababinagreda@gmail.comWeb:&nbsp;zazeli.babinagreda.hr Fotografije:\u00a0babinagreda.hr \u00a9 2023 Op\u0107ina Babina Greda: Sva prava pridr\u017eana.Design &amp; development by SAMSON<\/p>\n","protected":false},"author":1,"featured_media":0,"parent":0,"menu_order":0,"comment_status":"closed","ping_status":"closed","template":"","meta":{"site-sidebar-layout":"default","site-content-layout":"default","ast-global-header-display":"","ast-main-header-display":"","ast-hfb-above-header-display":"","ast-hfb-below-header-display":"","ast-hfb-mobile-header-display":"","site-post-title":"","ast-breadcrumbs-content":"","ast-featured-img":"","footer-sml-layout":"","theme-transparent-header-meta":"","adv-header-id-meta":"","stick-header-meta":"","header-above-stick-meta":"","header-main-stick-meta":"","header-below-stick-meta":"","footnotes":""},"class_list":["post-1602","page","type-page","status-publish","hentry"],"_links":{"self":[{"href":"https:\/\/zazeli.babinagreda.hr\/zazeli3\/wp-json\/wp\/v2\/pages\/1602","targetHints":{"allow":["GET"]}}],"collection":[{"href":"https:\/\/zazeli.babinagreda.hr\/zazeli3\/wp-json\/wp\/v2\/pages"}],"about":[{"href":"https:\/\/zazeli.babinagreda.hr\/zazeli3\/wp-json\/wp\/v2\/types\/page"}],"author":[{"embeddable":true,"href":"https:\/\/zazeli.babinagreda.hr\/zazeli3\/wp-json\/wp\/v2\/users\/1"}],"replies":[{"embeddable":true,"href":"https:\/\/zazeli.babinagreda.hr\/zazeli3\/wp-json\/wp\/v2\/comments?post=1602"}],"version-history":[{"count":1,"href":"https:\/\/zazeli.babinagreda.hr\/zazeli3\/wp-json\/wp\/v2\/pages\/1602\/revisions"}],"predecessor-version":[{"id":1603,"href":"https:\/\/zazeli.babinagreda.hr\/zazeli3\/wp-json\/wp\/v2\/pages\/1602\/revisions\/1603"}],"wp:attachment":[{"href":"https:\/\/zazeli.babinagreda.hr\/zazeli3\/wp-json\/wp\/v2\/media?parent=1602"}],"curies":[{"name":"wp","href":"https:\/\/api.w.org\/{rel}","templated":true}]}}