{"id":1502,"date":"2023-03-10T21:49:06","date_gmt":"2023-03-10T20:49:06","guid":{"rendered":"https:\/\/zazeli.babinagreda.hr\/?page_id=1502"},"modified":"2023-03-10T21:50:58","modified_gmt":"2023-03-10T20:50:58","slug":"novosti","status":"publish","type":"page","link":"https:\/\/zazeli.babinagreda.hr\/zazeli3\/novosti\/","title":{"rendered":"Novosti"},"content":{"rendered":"\t\t<div data-elementor-type=\"wp-page\" data-elementor-id=\"1502\" class=\"elementor elementor-1502\">\n\t\t\t\t\t\t<div class=\"elementor-inner\">\n\t\t\t\t<div class=\"elementor-section-wrap\">\n\t\t\t\t\t\t\t\t\t<section class=\"elementor-section elementor-top-section elementor-element elementor-element-b51c69a elementor-section-boxed elementor-section-height-default elementor-section-height-default\" data-id=\"b51c69a\" data-element_type=\"section\">\n\t\t\t\t\t\t<div class=\"elementor-container elementor-column-gap-default\">\n\t\t\t\t\t\t\t<div class=\"elementor-row\">\n\t\t\t\t\t<div class=\"elementor-column elementor-col-100 elementor-top-column elementor-element elementor-element-5568634\" data-id=\"5568634\" data-element_type=\"column\">\n\t\t\t<div class=\"elementor-column-wrap elementor-element-populated\">\n\t\t\t\t\t\t\t<div class=\"elementor-widget-wrap\">\n\t\t\t\t\t\t<div class=\"elementor-element elementor-element-f4adb4a elementor-grid-3 elementor-grid-tablet-2 elementor-grid-mobile-1 elementor-posts--thumbnail-top elementor-widget elementor-widget-posts\" data-id=\"f4adb4a\" data-element_type=\"widget\" data-settings=\"{&quot;classic_columns&quot;:&quot;3&quot;,&quot;classic_columns_tablet&quot;:&quot;2&quot;,&quot;classic_columns_mobile&quot;:&quot;1&quot;,&quot;classic_row_gap&quot;:{&quot;unit&quot;:&quot;px&quot;,&quot;size&quot;:35,&quot;sizes&quot;:[]},&quot;classic_row_gap_tablet&quot;:{&quot;unit&quot;:&quot;px&quot;,&quot;size&quot;:&quot;&quot;,&quot;sizes&quot;:[]},&quot;classic_row_gap_mobile&quot;:{&quot;unit&quot;:&quot;px&quot;,&quot;size&quot;:&quot;&quot;,&quot;sizes&quot;:[]}}\" data-widget_type=\"posts.classic\">\n\t\t\t\t<div class=\"elementor-widget-container\">\n\t\t\t\t\t<div class=\"elementor-posts-container elementor-posts elementor-posts--skin-classic elementor-grid\">\n\t\t\t\t<article class=\"elementor-post elementor-grid-item post-1753 post type-post status-publish format-standard has-post-thumbnail hentry category-novosti\">\n\t\t\t\t<a class=\"elementor-post__thumbnail__link\" href=\"https:\/\/zazeli.babinagreda.hr\/zazeli3\/2023\/09\/22\/babina-greda-u-srcu-zavrsna-konferencija-prezentacija\/\" >\n\t\t\t<div class=\"elementor-post__thumbnail\"><img loading=\"lazy\" decoding=\"async\" width=\"300\" height=\"300\" src=\"https:\/\/zazeli.babinagreda.hr\/zazeli3\/wp-content\/uploads\/2023\/01\/bbg_featured1-300x300.jpg\" class=\"attachment-medium size-medium wp-image-1724\" alt=\"Babina Greda u srcu\" srcset=\"https:\/\/zazeli.babinagreda.hr\/zazeli3\/wp-content\/uploads\/2023\/01\/bbg_featured1-300x300.jpg 300w, https:\/\/zazeli.babinagreda.hr\/zazeli3\/wp-content\/uploads\/2023\/01\/bbg_featured1-150x150.jpg 150w, https:\/\/zazeli.babinagreda.hr\/zazeli3\/wp-content\/uploads\/2023\/01\/bbg_featured1-768x768.jpg 768w\" sizes=\"auto, (max-width: 300px) 100vw, 300px\" \/><\/div>\n\t\t<\/a>\n\t\t\t\t<div class=\"elementor-post__text\">\n\t\t\t\t<h3 class=\"elementor-post__title\">\n\t\t\t<a href=\"https:\/\/zazeli.babinagreda.hr\/zazeli3\/2023\/09\/22\/babina-greda-u-srcu-zavrsna-konferencija-prezentacija\/\" >\n\t\t\t\t&#8220;Babina Greda u srcu&#8221; &#8211; zavr\u0161na konferencija [prezentacija]\t\t\t<\/a>\n\t\t<\/h3>\n\t\t\t\t<div class=\"elementor-post__meta-data\">\n\t\t\t\t\t<span class=\"elementor-post-author\">\n\t\t\tzazeli\t\t<\/span>\n\t\t\t\t<span class=\"elementor-post-date\">\n\t\t\t22. rujna 2023.\t\t<\/span>\n\t\t\t\t<\/div>\n\t\t\t\t<div class=\"elementor-post__excerpt\">\n\t\t\t\t\t<\/div>\n\t\t\t\t\t<a class=\"elementor-post__read-more\" href=\"https:\/\/zazeli.babinagreda.hr\/zazeli3\/2023\/09\/22\/babina-greda-u-srcu-zavrsna-konferencija-prezentacija\/\" >\n\t\t\t\tKlikni za vi\u0161e \u00bb\t\t\t<\/a>\n\t\t\t\t<\/div>\n\t\t\t\t<\/article>\n\t\t\t\t<article class=\"elementor-post elementor-grid-item post-1750 post type-post status-publish format-standard has-post-thumbnail hentry category-novosti\">\n\t\t\t\t<a class=\"elementor-post__thumbnail__link\" href=\"https:\/\/zazeli.babinagreda.hr\/zazeli3\/2023\/08\/21\/poziv-na-zavrsnu-konferenciju-eu-projekta-babina-greda-u-srcupoziv-na-zavrsnu-konferenciju\/\" >\n\t\t\t<div class=\"elementor-post__thumbnail\"><img loading=\"lazy\" decoding=\"async\" width=\"300\" height=\"300\" src=\"https:\/\/zazeli.babinagreda.hr\/zazeli3\/wp-content\/uploads\/2023\/01\/bbg_featured1-300x300.jpg\" class=\"attachment-medium size-medium wp-image-1724\" alt=\"Babina Greda u srcu\" srcset=\"https:\/\/zazeli.babinagreda.hr\/zazeli3\/wp-content\/uploads\/2023\/01\/bbg_featured1-300x300.jpg 300w, https:\/\/zazeli.babinagreda.hr\/zazeli3\/wp-content\/uploads\/2023\/01\/bbg_featured1-150x150.jpg 150w, https:\/\/zazeli.babinagreda.hr\/zazeli3\/wp-content\/uploads\/2023\/01\/bbg_featured1-768x768.jpg 768w\" sizes=\"auto, (max-width: 300px) 100vw, 300px\" \/><\/div>\n\t\t<\/a>\n\t\t\t\t<div class=\"elementor-post__text\">\n\t\t\t\t<h3 class=\"elementor-post__title\">\n\t\t\t<a href=\"https:\/\/zazeli.babinagreda.hr\/zazeli3\/2023\/08\/21\/poziv-na-zavrsnu-konferenciju-eu-projekta-babina-greda-u-srcupoziv-na-zavrsnu-konferenciju\/\" >\n\t\t\t\tPoziv na zavr\u0161nu konferenciju EU projekta \u201cBabina Greda u srcu\u201dPoziv na zavr\u0161nu konferenciju\t\t\t<\/a>\n\t\t<\/h3>\n\t\t\t\t<div class=\"elementor-post__meta-data\">\n\t\t\t\t\t<span class=\"elementor-post-author\">\n\t\t\tzazeli\t\t<\/span>\n\t\t\t\t<span class=\"elementor-post-date\">\n\t\t\t21. kolovoza 2023.\t\t<\/span>\n\t\t\t\t<\/div>\n\t\t\t\t<div class=\"elementor-post__excerpt\">\n\t\t\t\t\t<\/div>\n\t\t\t\t\t<a class=\"elementor-post__read-more\" href=\"https:\/\/zazeli.babinagreda.hr\/zazeli3\/2023\/08\/21\/poziv-na-zavrsnu-konferenciju-eu-projekta-babina-greda-u-srcupoziv-na-zavrsnu-konferenciju\/\" >\n\t\t\t\tKlikni za vi\u0161e \u00bb\t\t\t<\/a>\n\t\t\t\t<\/div>\n\t\t\t\t<\/article>\n\t\t\t\t<article class=\"elementor-post elementor-grid-item post-1743 post type-post status-publish format-standard has-post-thumbnail hentry category-novosti\">\n\t\t\t\t<a class=\"elementor-post__thumbnail__link\" href=\"https:\/\/zazeli.babinagreda.hr\/zazeli3\/2023\/05\/24\/podjela-mjesecnih-paketa-kucanskih-i-osnovnih-higijenskih-potrepstina\/\" >\n\t\t\t<div class=\"elementor-post__thumbnail\"><img loading=\"lazy\" decoding=\"async\" width=\"300\" height=\"300\" src=\"https:\/\/zazeli.babinagreda.hr\/zazeli3\/wp-content\/uploads\/2023\/05\/IMG-1426ac8e443e621d2aa4d685372498d1-V-300x300.jpg\" class=\"attachment-medium size-medium wp-image-1744\" alt=\"Za\u017eeli\" srcset=\"https:\/\/zazeli.babinagreda.hr\/zazeli3\/wp-content\/uploads\/2023\/05\/IMG-1426ac8e443e621d2aa4d685372498d1-V-300x300.jpg 300w, https:\/\/zazeli.babinagreda.hr\/zazeli3\/wp-content\/uploads\/2023\/05\/IMG-1426ac8e443e621d2aa4d685372498d1-V-1024x1024.jpg 1024w, https:\/\/zazeli.babinagreda.hr\/zazeli3\/wp-content\/uploads\/2023\/05\/IMG-1426ac8e443e621d2aa4d685372498d1-V-150x150.jpg 150w, https:\/\/zazeli.babinagreda.hr\/zazeli3\/wp-content\/uploads\/2023\/05\/IMG-1426ac8e443e621d2aa4d685372498d1-V-768x768.jpg 768w\" sizes=\"auto, (max-width: 300px) 100vw, 300px\" \/><\/div>\n\t\t<\/a>\n\t\t\t\t<div class=\"elementor-post__text\">\n\t\t\t\t<h3 class=\"elementor-post__title\">\n\t\t\t<a href=\"https:\/\/zazeli.babinagreda.hr\/zazeli3\/2023\/05\/24\/podjela-mjesecnih-paketa-kucanskih-i-osnovnih-higijenskih-potrepstina\/\" >\n\t\t\t\tPodjela mjese\u010dnih paketa ku\u0107anskih i osnovnih higijenskih potrep\u0161tina\t\t\t<\/a>\n\t\t<\/h3>\n\t\t\t\t<div class=\"elementor-post__meta-data\">\n\t\t\t\t\t<span class=\"elementor-post-author\">\n\t\t\tzazeli\t\t<\/span>\n\t\t\t\t<span class=\"elementor-post-date\">\n\t\t\t24. svibnja 2023.\t\t<\/span>\n\t\t\t\t<\/div>\n\t\t\t\t<div class=\"elementor-post__excerpt\">\n\t\t\t<p>U sklopu projekta \u201eBabina Greda u srcu\u201c biti \u0107e podijeljeno 540 paketa ku\u0107anskih i osnovnihhigijenskih potrep\u0161tina kroz mjese\u010dnu podjelu 90 paketa krajnjim korisnicima , u<\/p>\n\t\t<\/div>\n\t\t\t\t\t<a class=\"elementor-post__read-more\" href=\"https:\/\/zazeli.babinagreda.hr\/zazeli3\/2023\/05\/24\/podjela-mjesecnih-paketa-kucanskih-i-osnovnih-higijenskih-potrepstina\/\" >\n\t\t\t\tKlikni za vi\u0161e \u00bb\t\t\t<\/a>\n\t\t\t\t<\/div>\n\t\t\t\t<\/article>\n\t\t\t\t<article class=\"elementor-post elementor-grid-item post-1729 post type-post status-publish format-standard has-post-thumbnail hentry category-novosti\">\n\t\t\t\t<a class=\"elementor-post__thumbnail__link\" href=\"https:\/\/zazeli.babinagreda.hr\/zazeli3\/2023\/05\/24\/uvodna-konferencija-projekta-zazeli\/\" >\n\t\t\t<div class=\"elementor-post__thumbnail\"><img loading=\"lazy\" decoding=\"async\" width=\"300\" height=\"300\" src=\"https:\/\/zazeli.babinagreda.hr\/zazeli3\/wp-content\/uploads\/2023\/05\/IMG-ae81f8a56539aa0e1968deee3102106b-V-300x300.jpg\" class=\"attachment-medium size-medium wp-image-1730\" alt=\"Za\u017eeli\" srcset=\"https:\/\/zazeli.babinagreda.hr\/zazeli3\/wp-content\/uploads\/2023\/05\/IMG-ae81f8a56539aa0e1968deee3102106b-V-300x300.jpg 300w, https:\/\/zazeli.babinagreda.hr\/zazeli3\/wp-content\/uploads\/2023\/05\/IMG-ae81f8a56539aa0e1968deee3102106b-V-1024x1024.jpg 1024w, https:\/\/zazeli.babinagreda.hr\/zazeli3\/wp-content\/uploads\/2023\/05\/IMG-ae81f8a56539aa0e1968deee3102106b-V-150x150.jpg 150w, https:\/\/zazeli.babinagreda.hr\/zazeli3\/wp-content\/uploads\/2023\/05\/IMG-ae81f8a56539aa0e1968deee3102106b-V-768x768.jpg 768w\" sizes=\"auto, (max-width: 300px) 100vw, 300px\" \/><\/div>\n\t\t<\/a>\n\t\t\t\t<div class=\"elementor-post__text\">\n\t\t\t\t<h3 class=\"elementor-post__title\">\n\t\t\t<a href=\"https:\/\/zazeli.babinagreda.hr\/zazeli3\/2023\/05\/24\/uvodna-konferencija-projekta-zazeli\/\" >\n\t\t\t\tUvodna konferencija projekta Za\u017eeli\t\t\t<\/a>\n\t\t<\/h3>\n\t\t\t\t<div class=\"elementor-post__meta-data\">\n\t\t\t\t\t<span class=\"elementor-post-author\">\n\t\t\tzazeli\t\t<\/span>\n\t\t\t\t<span class=\"elementor-post-date\">\n\t\t\t24. svibnja 2023.\t\t<\/span>\n\t\t\t\t<\/div>\n\t\t\t\t<div class=\"elementor-post__excerpt\">\n\t\t\t<p>Dana 30. o\u017eujka 2023. godine, u prostoru \u201emale sale\u201c odr\u017eana je uvodna konferencija projekta Za\u017eeli- program zapo\u0161ljavanja \u017eena- faza III \u201eBabina Greda u srcu\u201c. Program<\/p>\n\t\t<\/div>\n\t\t\t\t\t<a class=\"elementor-post__read-more\" href=\"https:\/\/zazeli.babinagreda.hr\/zazeli3\/2023\/05\/24\/uvodna-konferencija-projekta-zazeli\/\" >\n\t\t\t\tKlikni za vi\u0161e \u00bb\t\t\t<\/a>\n\t\t\t\t<\/div>\n\t\t\t\t<\/article>\n\t\t\t\t<article class=\"elementor-post elementor-grid-item post-1747 post type-post status-publish format-standard has-post-thumbnail hentry category-novosti\">\n\t\t\t\t<a class=\"elementor-post__thumbnail__link\" href=\"https:\/\/zazeli.babinagreda.hr\/zazeli3\/2023\/03\/20\/poziv-za-uvodnu-konferenciju-eu-projekta-babina-greda-u-srcu\/\" >\n\t\t\t<div class=\"elementor-post__thumbnail\"><img loading=\"lazy\" decoding=\"async\" width=\"300\" height=\"300\" src=\"https:\/\/zazeli.babinagreda.hr\/zazeli3\/wp-content\/uploads\/2023\/01\/bbg_featured1-300x300.jpg\" class=\"attachment-medium size-medium wp-image-1724\" alt=\"Babina Greda u srcu\" srcset=\"https:\/\/zazeli.babinagreda.hr\/zazeli3\/wp-content\/uploads\/2023\/01\/bbg_featured1-300x300.jpg 300w, https:\/\/zazeli.babinagreda.hr\/zazeli3\/wp-content\/uploads\/2023\/01\/bbg_featured1-150x150.jpg 150w, https:\/\/zazeli.babinagreda.hr\/zazeli3\/wp-content\/uploads\/2023\/01\/bbg_featured1-768x768.jpg 768w\" sizes=\"auto, (max-width: 300px) 100vw, 300px\" \/><\/div>\n\t\t<\/a>\n\t\t\t\t<div class=\"elementor-post__text\">\n\t\t\t\t<h3 class=\"elementor-post__title\">\n\t\t\t<a href=\"https:\/\/zazeli.babinagreda.hr\/zazeli3\/2023\/03\/20\/poziv-za-uvodnu-konferenciju-eu-projekta-babina-greda-u-srcu\/\" >\n\t\t\t\tPoziv za uvodnu konferenciju EU projekta &#8220;Babina Greda u srcu&#8221;\t\t\t<\/a>\n\t\t<\/h3>\n\t\t\t\t<div class=\"elementor-post__meta-data\">\n\t\t\t\t\t<span class=\"elementor-post-author\">\n\t\t\tzazeli\t\t<\/span>\n\t\t\t\t<span class=\"elementor-post-date\">\n\t\t\t20. o\u017eujka 2023.\t\t<\/span>\n\t\t\t\t<\/div>\n\t\t\t\t<div class=\"elementor-post__excerpt\">\n\t\t\t\t\t<\/div>\n\t\t\t\t\t<a class=\"elementor-post__read-more\" href=\"https:\/\/zazeli.babinagreda.hr\/zazeli3\/2023\/03\/20\/poziv-za-uvodnu-konferenciju-eu-projekta-babina-greda-u-srcu\/\" >\n\t\t\t\tKlikni za vi\u0161e \u00bb\t\t\t<\/a>\n\t\t\t\t<\/div>\n\t\t\t\t<\/article>\n\t\t\t\t<article class=\"elementor-post elementor-grid-item post-89 post type-post status-publish format-standard has-post-thumbnail hentry category-novosti\">\n\t\t\t\t<a class=\"elementor-post__thumbnail__link\" href=\"https:\/\/zazeli.babinagreda.hr\/zazeli3\/2023\/01\/30\/odluka-o-prijemu-u-radni-odnos-program-zaposljavanja-zena-zazeli-faza-iii\/\" >\n\t\t\t<div class=\"elementor-post__thumbnail\"><img loading=\"lazy\" decoding=\"async\" width=\"300\" height=\"300\" src=\"https:\/\/zazeli.babinagreda.hr\/zazeli3\/wp-content\/uploads\/2023\/01\/bbg_featured1-300x300.jpg\" class=\"attachment-medium size-medium wp-image-1724\" alt=\"Babina Greda u srcu\" srcset=\"https:\/\/zazeli.babinagreda.hr\/zazeli3\/wp-content\/uploads\/2023\/01\/bbg_featured1-300x300.jpg 300w, https:\/\/zazeli.babinagreda.hr\/zazeli3\/wp-content\/uploads\/2023\/01\/bbg_featured1-150x150.jpg 150w, https:\/\/zazeli.babinagreda.hr\/zazeli3\/wp-content\/uploads\/2023\/01\/bbg_featured1-768x768.jpg 768w\" sizes=\"auto, (max-width: 300px) 100vw, 300px\" \/><\/div>\n\t\t<\/a>\n\t\t\t\t<div class=\"elementor-post__text\">\n\t\t\t\t<h3 class=\"elementor-post__title\">\n\t\t\t<a href=\"https:\/\/zazeli.babinagreda.hr\/zazeli3\/2023\/01\/30\/odluka-o-prijemu-u-radni-odnos-program-zaposljavanja-zena-zazeli-faza-iii\/\" >\n\t\t\t\tOdluka o prijemu u radni odnos &#8211; Program zapo\u0161ljavanja \u017eena &#8211; Za\u017eeli &#8211; faza III\t\t\t<\/a>\n\t\t<\/h3>\n\t\t\t\t<div class=\"elementor-post__meta-data\">\n\t\t\t\t\t<span class=\"elementor-post-author\">\n\t\t\tzazeli\t\t<\/span>\n\t\t\t\t<span class=\"elementor-post-date\">\n\t\t\t30. sije\u010dnja 2023.\t\t<\/span>\n\t\t\t\t<\/div>\n\t\t\t\t<div class=\"elementor-post__excerpt\">\n\t\t\t<p>Ovom se odlukom na osnovu provedenog javnog poziva Primaju na odre\u0111eno vrijeme 6 (\u0161est) mjeseci na radno mjesto radnica u projektu &#8220;Babina Greda u srcu&#8221; &#8211; Program zapo\u0161ljavanja \u017eena &#8211; Za\u017eeli &#8211; faza III.<\/p>\n\t\t<\/div>\n\t\t\t\t\t<a class=\"elementor-post__read-more\" href=\"https:\/\/zazeli.babinagreda.hr\/zazeli3\/2023\/01\/30\/odluka-o-prijemu-u-radni-odnos-program-zaposljavanja-zena-zazeli-faza-iii\/\" >\n\t\t\t\tKlikni za vi\u0161e \u00bb\t\t\t<\/a>\n\t\t\t\t<\/div>\n\t\t\t\t<\/article>\n\t\t\t\t<article class=\"elementor-post elementor-grid-item post-90 post type-post status-publish format-standard has-post-thumbnail hentry category-novosti\">\n\t\t\t\t<a class=\"elementor-post__thumbnail__link\" href=\"https:\/\/zazeli.babinagreda.hr\/zazeli3\/2023\/01\/20\/zazeli-obavijest-o-odrzavanju-intervjua-sa-kandidatkinjama-prijavljenim-na-javni-poziv-za-prijam-u-radni-odnos\/\" >\n\t\t\t<div class=\"elementor-post__thumbnail\"><img loading=\"lazy\" decoding=\"async\" width=\"300\" height=\"300\" src=\"https:\/\/zazeli.babinagreda.hr\/zazeli3\/wp-content\/uploads\/2021\/01\/zazeli3-1-300x300.jpg\" class=\"attachment-medium size-medium wp-image-1464\" alt=\"Za\u017eeli3\" srcset=\"https:\/\/zazeli.babinagreda.hr\/zazeli3\/wp-content\/uploads\/2021\/01\/zazeli3-1-300x300.jpg 300w, https:\/\/zazeli.babinagreda.hr\/zazeli3\/wp-content\/uploads\/2021\/01\/zazeli3-1-150x150.jpg 150w, https:\/\/zazeli.babinagreda.hr\/zazeli3\/wp-content\/uploads\/2021\/01\/zazeli3-1-768x768.jpg 768w\" sizes=\"auto, (max-width: 300px) 100vw, 300px\" \/><\/div>\n\t\t<\/a>\n\t\t\t\t<div class=\"elementor-post__text\">\n\t\t\t\t<h3 class=\"elementor-post__title\">\n\t\t\t<a href=\"https:\/\/zazeli.babinagreda.hr\/zazeli3\/2023\/01\/20\/zazeli-obavijest-o-odrzavanju-intervjua-sa-kandidatkinjama-prijavljenim-na-javni-poziv-za-prijam-u-radni-odnos\/\" >\n\t\t\t\tObavijest o odr\u017eavanju intervjua sa kandidatkinjama prijavljenim na javni poziv za prijam u radni odnos\t\t\t<\/a>\n\t\t<\/h3>\n\t\t\t\t<div class=\"elementor-post__meta-data\">\n\t\t\t\t\t<span class=\"elementor-post-author\">\n\t\t\tzazeli\t\t<\/span>\n\t\t\t\t<span class=\"elementor-post-date\">\n\t\t\t20. sije\u010dnja 2023.\t\t<\/span>\n\t\t\t\t<\/div>\n\t\t\t\t<div class=\"elementor-post__excerpt\">\n\t\t\t<p>Op\u0107ina Babina Greda obavje\u0161tava kandidatkinje prijavljene na javni poziv za prijem u radni odnos na odre\u0111eno vrijeme na projektu \u201cBabina Greda u srcu\u201d \u2013 Program zapo\u0161ljavanja \u017eena \u2013 Za\u017eeli \u2013 faza III o odr\u017eavanju intervjua prijavljenih kandidatkinja<\/p>\n\t\t<\/div>\n\t\t\t\t\t<a class=\"elementor-post__read-more\" href=\"https:\/\/zazeli.babinagreda.hr\/zazeli3\/2023\/01\/20\/zazeli-obavijest-o-odrzavanju-intervjua-sa-kandidatkinjama-prijavljenim-na-javni-poziv-za-prijam-u-radni-odnos\/\" >\n\t\t\t\tKlikni za vi\u0161e \u00bb\t\t\t<\/a>\n\t\t\t\t<\/div>\n\t\t\t\t<\/article>\n\t\t\t\t<article class=\"elementor-post elementor-grid-item post-91 post type-post status-publish format-standard has-post-thumbnail hentry category-novosti\">\n\t\t\t\t<a class=\"elementor-post__thumbnail__link\" href=\"https:\/\/zazeli.babinagreda.hr\/zazeli3\/2023\/01\/04\/javni-poziv\/\" >\n\t\t\t<div class=\"elementor-post__thumbnail\"><img loading=\"lazy\" decoding=\"async\" width=\"300\" height=\"300\" src=\"https:\/\/zazeli.babinagreda.hr\/zazeli3\/wp-content\/uploads\/2021\/01\/zazeli3-1-300x300.jpg\" class=\"attachment-medium size-medium wp-image-1464\" alt=\"Za\u017eeli3\" srcset=\"https:\/\/zazeli.babinagreda.hr\/zazeli3\/wp-content\/uploads\/2021\/01\/zazeli3-1-300x300.jpg 300w, https:\/\/zazeli.babinagreda.hr\/zazeli3\/wp-content\/uploads\/2021\/01\/zazeli3-1-150x150.jpg 150w, https:\/\/zazeli.babinagreda.hr\/zazeli3\/wp-content\/uploads\/2021\/01\/zazeli3-1-768x768.jpg 768w\" sizes=\"auto, (max-width: 300px) 100vw, 300px\" \/><\/div>\n\t\t<\/a>\n\t\t\t\t<div class=\"elementor-post__text\">\n\t\t\t\t<h3 class=\"elementor-post__title\">\n\t\t\t<a href=\"https:\/\/zazeli.babinagreda.hr\/zazeli3\/2023\/01\/04\/javni-poziv\/\" >\n\t\t\t\tJAVNI POZIV za prijam u radni odnos na odre\u0111eno vrijeme radnice u projektu \u201eZA\u017dELI&#8221;\t\t\t<\/a>\n\t\t<\/h3>\n\t\t\t\t<div class=\"elementor-post__meta-data\">\n\t\t\t\t\t<span class=\"elementor-post-author\">\n\t\t\tzazeli\t\t<\/span>\n\t\t\t\t<span class=\"elementor-post-date\">\n\t\t\t4. sije\u010dnja 2023.\t\t<\/span>\n\t\t\t\t<\/div>\n\t\t\t\t<div class=\"elementor-post__excerpt\">\n\t\t\t<p>Na temelju Odluke Ministarstva rada, miirovinskog sustava, obitelji i socijalne politike o financiranju KLASA: 983-01\/22-01\/13, URBROJ: 524-07-02-01\/3-22-37, od dana 06.12.2022.godine, Ugovora o dodjeli bespovratnih sredstava<\/p>\n\t\t<\/div>\n\t\t\t\t\t<a class=\"elementor-post__read-more\" href=\"https:\/\/zazeli.babinagreda.hr\/zazeli3\/2023\/01\/04\/javni-poziv\/\" >\n\t\t\t\tKlikni za vi\u0161e \u00bb\t\t\t<\/a>\n\t\t\t\t<\/div>\n\t\t\t\t<\/article>\n\t\t\t\t<article class=\"elementor-post elementor-grid-item post-92 post type-post status-publish format-standard has-post-thumbnail hentry category-novosti\">\n\t\t\t\t<a class=\"elementor-post__thumbnail__link\" href=\"https:\/\/zazeli.babinagreda.hr\/zazeli3\/2023\/01\/04\/oglas-za-prijem-sluzbenika-u-sluzbu-opcine-babina-greda-na-odredeno-radno-vrijeme\/\" >\n\t\t\t<div class=\"elementor-post__thumbnail\"><img loading=\"lazy\" decoding=\"async\" width=\"300\" height=\"300\" src=\"https:\/\/zazeli.babinagreda.hr\/zazeli3\/wp-content\/uploads\/2021\/01\/zazeli3-1-300x300.jpg\" class=\"attachment-medium size-medium wp-image-1464\" alt=\"Za\u017eeli3\" srcset=\"https:\/\/zazeli.babinagreda.hr\/zazeli3\/wp-content\/uploads\/2021\/01\/zazeli3-1-300x300.jpg 300w, https:\/\/zazeli.babinagreda.hr\/zazeli3\/wp-content\/uploads\/2021\/01\/zazeli3-1-150x150.jpg 150w, https:\/\/zazeli.babinagreda.hr\/zazeli3\/wp-content\/uploads\/2021\/01\/zazeli3-1-768x768.jpg 768w\" sizes=\"auto, (max-width: 300px) 100vw, 300px\" \/><\/div>\n\t\t<\/a>\n\t\t\t\t<div class=\"elementor-post__text\">\n\t\t\t\t<h3 class=\"elementor-post__title\">\n\t\t\t<a href=\"https:\/\/zazeli.babinagreda.hr\/zazeli3\/2023\/01\/04\/oglas-za-prijem-sluzbenika-u-sluzbu-opcine-babina-greda-na-odredeno-radno-vrijeme\/\" >\n\t\t\t\tOGLAS za prijem slu\u017ebenika u slu\u017ebu Op\u0107ine Babina Greda na odre\u0111eno radno vrijeme\t\t\t<\/a>\n\t\t<\/h3>\n\t\t\t\t<div class=\"elementor-post__meta-data\">\n\t\t\t\t\t<span class=\"elementor-post-author\">\n\t\t\tzazeli\t\t<\/span>\n\t\t\t\t<span class=\"elementor-post-date\">\n\t\t\t4. sije\u010dnja 2023.\t\t<\/span>\n\t\t\t\t<\/div>\n\t\t\t\t<div class=\"elementor-post__excerpt\">\n\t\t\t<p>Na temelju \u010dlanka 29. u svezi \u010dlanaka 17. i 19. stavka 1. Zakona o slu\u017ebenicima i namje\u0161tenicima u lokalnoj i podru\u010dnoj (regionalnoj) samoupravi (\u201eNarodne novine&#8221;, br. 86\/08, 6\/11, 04\/18 i 112119), Pro\u010delnik Jedinstvenog upravnog odjela Op\u0107ine Babina Greda raspisao je OGLAS za prijem slu\u017ebenika u slu\u017ebu Op\u0107ine Babina Greda Jedinstvenog upravnog odjela Op\u0107ine Babina Greda, na odre\u0111eno radno vrijeme, na radno mjesto<\/p>\n\t\t<\/div>\n\t\t\t\t\t<a class=\"elementor-post__read-more\" href=\"https:\/\/zazeli.babinagreda.hr\/zazeli3\/2023\/01\/04\/oglas-za-prijem-sluzbenika-u-sluzbu-opcine-babina-greda-na-odredeno-radno-vrijeme\/\" >\n\t\t\t\tKlikni za vi\u0161e \u00bb\t\t\t<\/a>\n\t\t\t\t<\/div>\n\t\t\t\t<\/article>\n\t\t\t\t<article class=\"elementor-post elementor-grid-item post-94 post type-post status-publish format-standard has-post-thumbnail hentry category-novosti\">\n\t\t\t\t<a class=\"elementor-post__thumbnail__link\" href=\"https:\/\/zazeli.babinagreda.hr\/zazeli3\/2022\/12\/09\/odluka-o-financiranju\/\" >\n\t\t\t<div class=\"elementor-post__thumbnail\"><img loading=\"lazy\" decoding=\"async\" width=\"300\" height=\"300\" src=\"https:\/\/zazeli.babinagreda.hr\/zazeli3\/wp-content\/uploads\/2021\/01\/zazeli3-1-300x300.jpg\" class=\"attachment-medium size-medium wp-image-1464\" alt=\"Za\u017eeli3\" srcset=\"https:\/\/zazeli.babinagreda.hr\/zazeli3\/wp-content\/uploads\/2021\/01\/zazeli3-1-300x300.jpg 300w, https:\/\/zazeli.babinagreda.hr\/zazeli3\/wp-content\/uploads\/2021\/01\/zazeli3-1-150x150.jpg 150w, https:\/\/zazeli.babinagreda.hr\/zazeli3\/wp-content\/uploads\/2021\/01\/zazeli3-1-768x768.jpg 768w\" sizes=\"auto, (max-width: 300px) 100vw, 300px\" \/><\/div>\n\t\t<\/a>\n\t\t\t\t<div class=\"elementor-post__text\">\n\t\t\t\t<h3 class=\"elementor-post__title\">\n\t\t\t<a href=\"https:\/\/zazeli.babinagreda.hr\/zazeli3\/2022\/12\/09\/odluka-o-financiranju\/\" >\n\t\t\t\tZA\u017dELI faza III &#8211; Odluka o financiranju\t\t\t<\/a>\n\t\t<\/h3>\n\t\t\t\t<div class=\"elementor-post__meta-data\">\n\t\t\t\t\t<span class=\"elementor-post-author\">\n\t\t\tzazeli\t\t<\/span>\n\t\t\t\t<span class=\"elementor-post-date\">\n\t\t\t9. prosinca 2022.\t\t<\/span>\n\t\t\t\t<\/div>\n\t\t\t\t<div class=\"elementor-post__excerpt\">\n\t\t\t\t\t<\/div>\n\t\t\t\t\t<a class=\"elementor-post__read-more\" href=\"https:\/\/zazeli.babinagreda.hr\/zazeli3\/2022\/12\/09\/odluka-o-financiranju\/\" >\n\t\t\t\tKlikni za vi\u0161e \u00bb\t\t\t<\/a>\n\t\t\t\t<\/div>\n\t\t\t\t<\/article>\n\t\t\t\t<\/div>\n\n\n\t\t\n\t\t\t\t<\/div>\n\t\t\t\t<\/div>\n\t\t\t\t\t\t<\/div>\n\t\t\t\t\t<\/div>\n\t\t<\/div>\n\t\t\t\t\t\t\t\t<\/div>\n\t\t\t\t\t<\/div>\n\t\t<\/section>\n\t\t\t\t\t\t\t\t\t<\/div>\n\t\t\t<\/div>\n\t\t\t\t\t<\/div>\n\t\t","protected":false},"excerpt":{"rendered":"","protected":false},"author":1,"featured_media":0,"parent":0,"menu_order":0,"comment_status":"closed","ping_status":"closed","template":"elementor_header_footer","meta":{"site-sidebar-layout":"no-sidebar","site-content-layout":"page-builder","ast-global-header-display":"","ast-main-header-display":"","ast-hfb-above-header-display":"","ast-hfb-below-header-display":"","ast-hfb-mobile-header-display":"","site-post-title":"disabled","ast-breadcrumbs-content":"","ast-featured-img":"disabled","footer-sml-layout":"","theme-transparent-header-meta":"","adv-header-id-meta":"","stick-header-meta":"","header-above-stick-meta":"","header-main-stick-meta":"","header-below-stick-meta":"","footnotes":""},"class_list":["post-1502","page","type-page","status-publish","hentry"],"_links":{"self":[{"href":"https:\/\/zazeli.babinagreda.hr\/zazeli3\/wp-json\/wp\/v2\/pages\/1502","targetHints":{"allow":["GET"]}}],"collection":[{"href":"https:\/\/zazeli.babinagreda.hr\/zazeli3\/wp-json\/wp\/v2\/pages"}],"about":[{"href":"https:\/\/zazeli.babinagreda.hr\/zazeli3\/wp-json\/wp\/v2\/types\/page"}],"author":[{"embeddable":true,"href":"https:\/\/zazeli.babinagreda.hr\/zazeli3\/wp-json\/wp\/v2\/users\/1"}],"replies":[{"embeddable":true,"href":"https:\/\/zazeli.babinagreda.hr\/zazeli3\/wp-json\/wp\/v2\/comments?post=1502"}],"version-history":[{"count":4,"href":"https:\/\/zazeli.babinagreda.hr\/zazeli3\/wp-json\/wp\/v2\/pages\/1502\/revisions"}],"predecessor-version":[{"id":1507,"href":"https:\/\/zazeli.babinagreda.hr\/zazeli3\/wp-json\/wp\/v2\/pages\/1502\/revisions\/1507"}],"wp:attachment":[{"href":"https:\/\/zazeli.babinagreda.hr\/zazeli3\/wp-json\/wp\/v2\/media?parent=1502"}],"curies":[{"name":"wp","href":"https:\/\/api.w.org\/{rel}","templated":true}]}}